{"id":9,"date":"2025-07-07T17:07:04","date_gmt":"2025-07-07T17:07:04","guid":{"rendered":"https:\/\/stage.remansodelamontana.com\/resultados-de-busqueda\/"},"modified":"2025-12-11T19:43:34","modified_gmt":"2025-12-11T19:43:34","slug":"resultados-de-busqueda","status":"publish","type":"page","link":"https:\/\/remansodelamontana.com\/en\/resultados-de-busqueda\/","title":{"rendered":"Resultados de b\u00fasqueda"},"content":{"rendered":"<p data-start=\"165\" data-end=\"239\">Para garantizar la mejor experiencia, te informamos que <strong>nuestras casas est\u00e1n destinadas exclusivamente a estancias privadas para hu\u00e9spedes alojados<\/strong>. Si deseas realizar un evento, cont\u00e1ctanos directamente para brindarte informaci\u00f3n y una cotizaci\u00f3n personalizada sobre los espacios disponibles. Las reservas requieren una estancia m\u00ednima de 2 noches, y durante la temporada de fin de a\u00f1o (26 de diciembre al 7 de enero) aplicar\u00e1 una estancia m\u00ednima de 3 noches. <br \/><strong><small>(Los valores no incluyen IVA de 19%.<\/small><\/strong><small> Personas extranjeras o colombianas no residentes en el pa\u00eds est\u00e1n exonerados de este impuesto)<\/small><\/p>\n<div class=\"mphb_sc_search_results-wrapper\"><div class=\"mphb-errors-wrapper\">\n\t<\/div>\n<\/div>\n\n\n<p><\/p>","protected":false},"excerpt":{"rendered":"<p>Para garantizar la mejor experiencia, te informamos que nuestras casas est\u00e1n destinadas exclusivamente a estancias privadas para hu\u00e9spedes alojados. Si deseas realizar un evento, cont\u00e1ctanos directamente para brindarte informaci\u00f3n y una cotizaci\u00f3n personalizada sobre los espacios disponibles. Las reservas requieren una estancia m\u00ednima de 2 noches, y durante la temporada de fin de a\u00f1o (26 [&hellip;]<\/p>\n","protected":false},"author":1,"featured_media":0,"parent":0,"menu_order":0,"comment_status":"closed","ping_status":"closed","template":"","meta":{"_editorskit_title_hidden":false,"_editorskit_reading_time":0,"_editorskit_is_block_options_detached":false,"_editorskit_block_options_position":"{}","inline_featured_image":false,"footnotes":""},"class_list":["post-9","page","type-page","status-publish","hentry"],"aioseo_notices":[],"_links":{"self":[{"href":"https:\/\/remansodelamontana.com\/en\/wp-json\/wp\/v2\/pages\/9","targetHints":{"allow":["GET"]}}],"collection":[{"href":"https:\/\/remansodelamontana.com\/en\/wp-json\/wp\/v2\/pages"}],"about":[{"href":"https:\/\/remansodelamontana.com\/en\/wp-json\/wp\/v2\/types\/page"}],"author":[{"embeddable":true,"href":"https:\/\/remansodelamontana.com\/en\/wp-json\/wp\/v2\/users\/1"}],"replies":[{"embeddable":true,"href":"https:\/\/remansodelamontana.com\/en\/wp-json\/wp\/v2\/comments?post=9"}],"version-history":[{"count":5,"href":"https:\/\/remansodelamontana.com\/en\/wp-json\/wp\/v2\/pages\/9\/revisions"}],"predecessor-version":[{"id":2876,"href":"https:\/\/remansodelamontana.com\/en\/wp-json\/wp\/v2\/pages\/9\/revisions\/2876"}],"wp:attachment":[{"href":"https:\/\/remansodelamontana.com\/en\/wp-json\/wp\/v2\/media?parent=9"}],"curies":[{"name":"wp","href":"https:\/\/api.w.org\/{rel}","templated":true}]}}