{"id":11,"date":"2025-07-07T17:07:04","date_gmt":"2025-07-07T17:07:04","guid":{"rendered":"https:\/\/stage.remansodelamontana.com\/confirmacion-de-reserva\/"},"modified":"2025-12-11T19:46:00","modified_gmt":"2025-12-11T19:46:00","slug":"confirmacion-de-reserva","status":"publish","type":"page","link":"https:\/\/remansodelamontana.com\/en\/confirmacion-de-reserva\/","title":{"rendered":"Confirmaci\u00f3n de reserva"},"content":{"rendered":"<div class=\"mphb_sc_checkout-wrapper\"><\/div>\n\n\n<p><strong><small>Los valores no incluyen IVA de 19%.<\/small><\/strong><small> Personas extranjeras o colombianas no residentes en el pa\u00eds est\u00e1n exonerados de este impuesto, esto si el prop\u00f3sito de viaje es: Tur\u00edstico, participaci\u00f3n en eventos culturales, deportivos, negocios, convenciones o culturales, grupos tur\u00edsticos de tratamiento mar\u00edtimo tipo crucero. Para hacer efectiva esta exenci\u00f3n de impuesto el pasaporte debe tener el sello con el c\u00f3digo PT con una vigencia de 90 d\u00edas.<\/small><\/p>","protected":false},"excerpt":{"rendered":"<p>Los valores no incluyen IVA de 19%. Personas extranjeras o colombianas no residentes en el pa\u00eds est\u00e1n exonerados de este impuesto, esto si el prop\u00f3sito de viaje es: Tur\u00edstico, participaci\u00f3n en eventos culturales, deportivos, negocios, convenciones o culturales, grupos tur\u00edsticos de tratamiento mar\u00edtimo tipo crucero. Para hacer efectiva esta exenci\u00f3n de impuesto el pasaporte debe [&hellip;]<\/p>\n","protected":false},"author":1,"featured_media":0,"parent":0,"menu_order":0,"comment_status":"closed","ping_status":"closed","template":"","meta":{"_editorskit_title_hidden":false,"_editorskit_reading_time":0,"_editorskit_is_block_options_detached":false,"_editorskit_block_options_position":"{}","inline_featured_image":false,"footnotes":""},"class_list":["post-11","page","type-page","status-publish","hentry"],"aioseo_notices":[],"_links":{"self":[{"href":"https:\/\/remansodelamontana.com\/en\/wp-json\/wp\/v2\/pages\/11","targetHints":{"allow":["GET"]}}],"collection":[{"href":"https:\/\/remansodelamontana.com\/en\/wp-json\/wp\/v2\/pages"}],"about":[{"href":"https:\/\/remansodelamontana.com\/en\/wp-json\/wp\/v2\/types\/page"}],"author":[{"embeddable":true,"href":"https:\/\/remansodelamontana.com\/en\/wp-json\/wp\/v2\/users\/1"}],"replies":[{"embeddable":true,"href":"https:\/\/remansodelamontana.com\/en\/wp-json\/wp\/v2\/comments?post=11"}],"version-history":[{"count":1,"href":"https:\/\/remansodelamontana.com\/en\/wp-json\/wp\/v2\/pages\/11\/revisions"}],"predecessor-version":[{"id":2879,"href":"https:\/\/remansodelamontana.com\/en\/wp-json\/wp\/v2\/pages\/11\/revisions\/2879"}],"wp:attachment":[{"href":"https:\/\/remansodelamontana.com\/en\/wp-json\/wp\/v2\/media?parent=11"}],"curies":[{"name":"wp","href":"https:\/\/api.w.org\/{rel}","templated":true}]}}